{"id":258,"date":"2020-10-07T12:56:30","date_gmt":"2020-10-07T10:56:30","guid":{"rendered":"https:\/\/afboot.com\/?page_id=258"},"modified":"2020-11-04T12:46:16","modified_gmt":"2020-11-04T11:46:16","slug":"fall-alioune-badara","status":"publish","type":"page","link":"https:\/\/afboot.com\/index.php\/fall-alioune-badara\/","title":{"rendered":"Fall Alioune BADARA"},"content":{"rendered":"\n<figure class=\"wp-block-image size-large is-resized is-style-default\"><img loading=\"lazy\" decoding=\"async\" src=\"https:\/\/afboot.com\/wp-content\/uploads\/2020\/11\/IMG-20201102-WA0003.jpg\" alt=\"\" class=\"wp-image-316\" width=\"282\" height=\"376\" srcset=\"https:\/\/afboot.com\/wp-content\/uploads\/2020\/11\/IMG-20201102-WA0003.jpg 768w, https:\/\/afboot.com\/wp-content\/uploads\/2020\/11\/IMG-20201102-WA0003-225x300.jpg 225w, https:\/\/afboot.com\/wp-content\/uploads\/2020\/11\/IMG-20201102-WA0003-113x150.jpg 113w\" sizes=\"auto, (max-width: 282px) 100vw, 282px\" \/><\/figure>\n\n\n\n<p>L&rsquo;artiste Alioune Badara Fall est n\u00e9 au S\u00e9n\u00e9gal \u00e0 Dakar en 1946. Il appartient \u00e0 cette premi\u00e8re g\u00e9n\u00e9ration ayant connu les Ind\u00e9pendances de l&rsquo;Afrique de l&rsquo;Ouest. <\/p>\n\n\n\n<p>Son go\u00fbt pour la peinture s&rsquo;est affirm\u00e9 sur le tard. Sa pratique picturale se poursuit toujours aux ateliers des Beaux Arts de la ville de Paris.<\/p>\n\n\n\n<p>Il se veut le t\u00e9moin d&rsquo;un monde empreint de traditions, et qui dispara\u00eet lentement, grignot\u00e9 par une lente uniformisation.<\/p>\n\n\n\n<p>Il veut transmettre aux plus jeunes ce qu&rsquo;il a pu voir de ceux qui seront oubli\u00e9s et invisibles dans l&rsquo;histoire de son pays natal.<\/p>\n\n\n\n<p>Outre un hommage, \u00e0 l&rsquo;occasion du centenaire de la fin de la premi\u00e8re guerre mondiale, aux tirailleurs s\u00e9n\u00e9galais oubli\u00e9s de l&rsquo;histoire de France, dans la m\u00eame veine, sa peinture souligne la place essentielle de la femme s\u00e9n\u00e9galaise au quotidien dans l&rsquo;\u00e9conomie familiale informelle non reconnue. Que cette femme soit \u00e9pouse de p\u00eacheur, d&rsquo;agriculteur ou qu&rsquo;elle soit vendeuse au march\u00e9.<\/p>\n\n\n\n<p>Fall partage son temps entre Paris et les alentours de Dakar. Son travail est ax\u00e9 sur le mouvement et la couleur. Le corps n&rsquo;est jamais en repos. La distinction entre les couleurs sombres et les couleurs \u00e9clair\u00e9es dans l&rsquo;environnement illustre l\u00e0, l&rsquo;hypoth\u00e8se \u00e9mise par le linguiste Anna Wierzbicka, que la couleur n&rsquo;est pas un concept universel, et que c&rsquo;est voir qui est le concept proche de l&rsquo;universel o\u00f9 la r\u00e9f\u00e9rence principale est l&rsquo;importance de l&rsquo;environnement. C&rsquo;est \u00e0 dire, tout ce que les hommes peuvent voir: le ciel souvent bleu, la terre souvent marron, le soleil souvent jaune et brillant \u2026R\u00e9f\u00e9rence que Fall fait sienne dans ses repr\u00e9sentations picturales.<\/p>\n\n\n\n<p> (A. Wierzbicka, Semantics: primes and universals, Oxford universit\u00e9. 1996)<\/p>\n","protected":false},"excerpt":{"rendered":"<p>L&rsquo;artiste Alioune Badara Fall est n\u00e9 au S\u00e9n\u00e9gal \u00e0 Dakar en 1946. Il appartient \u00e0 cette premi\u00e8re g\u00e9n\u00e9ration ayant connu les Ind\u00e9pendances de l&rsquo;Afrique de l&rsquo;Ouest. Son go\u00fbt pour la peinture s&rsquo;est affirm\u00e9 sur le tard. Sa pratique picturale se poursuit toujours aux ateliers des Beaux Arts de la ville de Paris. Il se veut&#8230;<\/p>\n","protected":false},"author":1,"featured_media":0,"parent":0,"menu_order":0,"comment_status":"closed","ping_status":"closed","template":"","meta":{"footnotes":""},"class_list":["post-258","page","type-page","status-publish","hentry"],"_links":{"self":[{"href":"https:\/\/afboot.com\/index.php\/wp-json\/wp\/v2\/pages\/258","targetHints":{"allow":["GET"]}}],"collection":[{"href":"https:\/\/afboot.com\/index.php\/wp-json\/wp\/v2\/pages"}],"about":[{"href":"https:\/\/afboot.com\/index.php\/wp-json\/wp\/v2\/types\/page"}],"author":[{"embeddable":true,"href":"https:\/\/afboot.com\/index.php\/wp-json\/wp\/v2\/users\/1"}],"replies":[{"embeddable":true,"href":"https:\/\/afboot.com\/index.php\/wp-json\/wp\/v2\/comments?post=258"}],"version-history":[{"count":6,"href":"https:\/\/afboot.com\/index.php\/wp-json\/wp\/v2\/pages\/258\/revisions"}],"predecessor-version":[{"id":319,"href":"https:\/\/afboot.com\/index.php\/wp-json\/wp\/v2\/pages\/258\/revisions\/319"}],"wp:attachment":[{"href":"https:\/\/afboot.com\/index.php\/wp-json\/wp\/v2\/media?parent=258"}],"curies":[{"name":"wp","href":"https:\/\/api.w.org\/{rel}","templated":true}]}}