{"id":255,"date":"2020-10-07T12:53:28","date_gmt":"2020-10-07T10:53:28","guid":{"rendered":"https:\/\/afboot.com\/?page_id=255"},"modified":"2020-10-07T14:37:29","modified_gmt":"2020-10-07T12:37:29","slug":"ezechiel-abboh-ngoran","status":"publish","type":"page","link":"https:\/\/afboot.com\/index.php\/ezechiel-abboh-ngoran\/","title":{"rendered":"\u00c9z\u00e9chiel Abboh N&rsquo;GORAN"},"content":{"rendered":"\n<p>Ez\u00e9chiel Abboh N\u2019GORAN est n\u00e9 le 2 septembre 1987 \u00e0 Abidjan en C\u00f4te d\u2019Ivoire. Mari\u00e9, il est dipl\u00f4m\u00e9 de l\u2019INSAAC (Institut Sup\u00e9rieure des Arts et des Actions Culturelles) \u00e0 l\u2019\u00e9cole national des beaux-arts d\u2019Abidjan.<\/p>\n\n\n\n<p>Il est aussi enseignant d\u2019art plastique dans un coll\u00e8ge.<\/p>\n\n\n\n<p>Voici comment il d\u00e9crit son \u0153uvre&nbsp;:<\/p>\n\n\n\n<p>\u00ab &#8211; <em>Mon style s&rsquo;inscrire dans le mouvement artistique contemporain et se veut avant-gardiste, de par mes th\u00e9matiques abord\u00e9es qui sortent des contextes de l&rsquo;actualit\u00e9. C\u2019est un assemblage de formes figuratives abstraites, \u00e9pousant l&rsquo;univers parfois surr\u00e9aliste, entre r\u00eave et r\u00e9cit, v\u00e9cu, r\u00e9el, et le brassage du m\u00e9tissage africaine.et occidental.<\/em><\/p>\n\n\n\n<p><em>Ma technique se d\u00e9marque par l&rsquo;aplat des couches de l&rsquo;harmonie de contraste de couleurs chaudes et froides et de contraste couleur \u00ab&nbsp;Clair-obscur&nbsp;\u00bb avec parfois une dominance de noir pour laiss\u00e9 &nbsp;paraitre l&rsquo;esth\u00e9tique de sujet abord\u00e9.<\/em><\/p>\n\n\n\n<p><em>Je laisse entrevoir la dext\u00e9rit\u00e9 de mes touches de pinceaux et des lignes avec l&rsquo;enduit qui font de mes \u0153uvres, une cr\u00e9ation souvent atypique, parce que je m&rsquo;inspire des faits quotidiens (Streets-arts) pour traduire de fa\u00e7on picturale des th\u00e8mes abord\u00e9s sur des toiles conventionnelles.<\/em><\/p>\n\n\n\n<p><em>Mes toiles sont l&rsquo;association de bois et de tissu cretonne et varies entre (100cmX90cm) et (150cm X100cm) et parfois au-del\u00e0, avec la peinture acrylique, souvent mixte.<\/em>&nbsp;\u00bb<\/p>\n\n\n\n<figure class=\"wp-block-image is-resized\"><img loading=\"lazy\" decoding=\"async\" src=\"http:\/\/afboot.com\/wp-content\/uploads\/2017\/11\/IMG-20170828-WA0001-150x150.jpg\" alt=\"\" class=\"wp-image-43\" width=\"318\" height=\"318\"\/><\/figure>\n","protected":false},"excerpt":{"rendered":"<p>Ez\u00e9chiel Abboh N\u2019GORAN est n\u00e9 le 2 septembre 1987 \u00e0 Abidjan en C\u00f4te d\u2019Ivoire. Mari\u00e9, il est dipl\u00f4m\u00e9 de l\u2019INSAAC (Institut Sup\u00e9rieure des Arts et des Actions Culturelles) \u00e0 l\u2019\u00e9cole national des beaux-arts d\u2019Abidjan. Il est aussi enseignant d\u2019art plastique dans un coll\u00e8ge. Voici comment il d\u00e9crit son \u0153uvre&nbsp;: \u00ab &#8211; Mon style s&rsquo;inscrire dans&#8230;<\/p>\n","protected":false},"author":1,"featured_media":0,"parent":0,"menu_order":0,"comment_status":"closed","ping_status":"closed","template":"","meta":{"footnotes":""},"class_list":["post-255","page","type-page","status-publish","hentry"],"_links":{"self":[{"href":"https:\/\/afboot.com\/index.php\/wp-json\/wp\/v2\/pages\/255","targetHints":{"allow":["GET"]}}],"collection":[{"href":"https:\/\/afboot.com\/index.php\/wp-json\/wp\/v2\/pages"}],"about":[{"href":"https:\/\/afboot.com\/index.php\/wp-json\/wp\/v2\/types\/page"}],"author":[{"embeddable":true,"href":"https:\/\/afboot.com\/index.php\/wp-json\/wp\/v2\/users\/1"}],"replies":[{"embeddable":true,"href":"https:\/\/afboot.com\/index.php\/wp-json\/wp\/v2\/comments?post=255"}],"version-history":[{"count":2,"href":"https:\/\/afboot.com\/index.php\/wp-json\/wp\/v2\/pages\/255\/revisions"}],"predecessor-version":[{"id":263,"href":"https:\/\/afboot.com\/index.php\/wp-json\/wp\/v2\/pages\/255\/revisions\/263"}],"wp:attachment":[{"href":"https:\/\/afboot.com\/index.php\/wp-json\/wp\/v2\/media?parent=255"}],"curies":[{"name":"wp","href":"https:\/\/api.w.org\/{rel}","templated":true}]}}