{"id":145,"date":"2018-01-14T23:48:47","date_gmt":"2018-01-14T22:48:47","guid":{"rendered":"http:\/\/afboot.com\/?page_id=145"},"modified":"2023-04-06T00:12:43","modified_gmt":"2023-04-05T22:12:43","slug":"qui-sommes-nous","status":"publish","type":"page","link":"https:\/\/afboot.com\/index.php\/qui-sommes-nous\/","title":{"rendered":"Qui sommes-nous?"},"content":{"rendered":"<p>Bienvenue dans notre agence artistique d\u00e9di\u00e9e \u00e0 l&rsquo;art pictural contemporain africain.<\/p>\n<p>Nous sommes passionn\u00e9s par la promotion de l&rsquo;art africain, sp\u00e9cialis\u00e9s dans la promotion et la repr\u00e9sentation d&rsquo;artistes \u00e9mergents et nous avons une solide exp\u00e9rience dans la construction de carri\u00e8res artistiques. Nous travaillons en \u00e9troite collaboration avec nos artistes pour d\u00e9velopper leur profil professionnel, en offrant des conseils en mati\u00e8re de marketing, de relations publiques et de gestion de carri\u00e8re.<\/p>\n<p>Notre agence a pour mission de promouvoir l&rsquo;art africain \u00e0 travers le monde en offrant une plateforme aux artistes pour exposer leur travail et se faire conna\u00eetre. Nous sommes convaincus que l&rsquo;art africain contemporain est riche en diversit\u00e9, en couleurs, en textures et en formes, et qu&rsquo;il m\u00e9rite une reconnaissance internationale.<\/p>\n<p>Nous travaillons en \u00e9troite collaboration avec nos artistes pour les aider \u00e0 d\u00e9velopper leur carri\u00e8re, en leur offrant des conseils en mati\u00e8re de marketing, de relations publiques et de gestion de carri\u00e8re. Nous organisons \u00e9galement des expositions, des \u00e9v\u00e9nements et des ventes aux ench\u00e8res pour aider nos artistes \u00e0 se faire conna\u00eetre et \u00e0 vendre leurs \u0153uvres.<\/p>\n<p>Nous sommes fiers de repr\u00e9senter des artistes talentueux, cr\u00e9atifs et innovants qui explorent les th\u00e8mes et les questions les plus importantes de l&rsquo;Afrique contemporaine. Nous sommes convaincus que l&rsquo;art pictural contemporain africain a un potentiel \u00e9norme pour captiver et inspirer les gens du monde entier, et nous sommes d\u00e9termin\u00e9s \u00e0 promouvoir cet art unique et remarquable.<\/p>\n","protected":false},"excerpt":{"rendered":"<p>Bienvenue dans notre agence artistique d\u00e9di\u00e9e \u00e0 l&rsquo;art pictural contemporain africain. Nous sommes passionn\u00e9s par la promotion de l&rsquo;art africain, sp\u00e9cialis\u00e9s dans la promotion et la repr\u00e9sentation d&rsquo;artistes \u00e9mergents et nous avons une solide exp\u00e9rience dans la construction de carri\u00e8res artistiques. Nous travaillons en \u00e9troite collaboration avec nos artistes pour d\u00e9velopper leur profil professionnel, en&#8230;<\/p>\n","protected":false},"author":1,"featured_media":0,"parent":0,"menu_order":0,"comment_status":"closed","ping_status":"closed","template":"","meta":{"footnotes":""},"class_list":["post-145","page","type-page","status-publish","hentry"],"_links":{"self":[{"href":"https:\/\/afboot.com\/index.php\/wp-json\/wp\/v2\/pages\/145","targetHints":{"allow":["GET"]}}],"collection":[{"href":"https:\/\/afboot.com\/index.php\/wp-json\/wp\/v2\/pages"}],"about":[{"href":"https:\/\/afboot.com\/index.php\/wp-json\/wp\/v2\/types\/page"}],"author":[{"embeddable":true,"href":"https:\/\/afboot.com\/index.php\/wp-json\/wp\/v2\/users\/1"}],"replies":[{"embeddable":true,"href":"https:\/\/afboot.com\/index.php\/wp-json\/wp\/v2\/comments?post=145"}],"version-history":[{"count":5,"href":"https:\/\/afboot.com\/index.php\/wp-json\/wp\/v2\/pages\/145\/revisions"}],"predecessor-version":[{"id":469,"href":"https:\/\/afboot.com\/index.php\/wp-json\/wp\/v2\/pages\/145\/revisions\/469"}],"wp:attachment":[{"href":"https:\/\/afboot.com\/index.php\/wp-json\/wp\/v2\/media?parent=145"}],"curies":[{"name":"wp","href":"https:\/\/api.w.org\/{rel}","templated":true}]}}