{"id":141,"date":"2018-01-14T23:23:11","date_gmt":"2018-01-14T22:23:11","guid":{"rendered":"http:\/\/afboot.com\/?page_id=141"},"modified":"2020-11-04T14:53:21","modified_gmt":"2020-11-04T13:53:21","slug":"peintures","status":"publish","type":"page","link":"https:\/\/afboot.com\/index.php\/artiste\/peintures\/","title":{"rendered":"Galerie Peintures"},"content":{"rendered":"\n<div class=\"wp-block-columns is-layout-flex wp-container-core-columns-is-layout-9d6595d7 wp-block-columns-is-layout-flex\">\n<div class=\"wp-block-column is-layout-flow wp-block-column-is-layout-flow\">\n<div class=\"wp-block-image\"><figure class=\"alignleft size-large\"><img loading=\"lazy\" decoding=\"async\" width=\"1953\" height=\"2560\" src=\"https:\/\/afboot.com\/wp-content\/uploads\/2020\/10\/DSCN2790-scaled.jpg\" alt=\"\" class=\"wp-image-277\" srcset=\"https:\/\/afboot.com\/wp-content\/uploads\/2020\/10\/DSCN2790-scaled.jpg?v=1604489952 1953w, https:\/\/afboot.com\/wp-content\/uploads\/2020\/10\/DSCN2790-scaled-229x300.jpg?v=1604489952 229w, https:\/\/afboot.com\/wp-content\/uploads\/2020\/10\/DSCN2790-scaled-781x1024.jpg?v=1604489952 781w, https:\/\/afboot.com\/wp-content\/uploads\/2020\/10\/DSCN2790-scaled-768x1007.jpg?v=1604489952 768w, https:\/\/afboot.com\/wp-content\/uploads\/2020\/10\/DSCN2790-scaled-1172x1536.jpg?v=1604489952 1172w, https:\/\/afboot.com\/wp-content\/uploads\/2020\/10\/DSCN2790-scaled-1562x2048.jpg?v=1604489952 1562w, https:\/\/afboot.com\/wp-content\/uploads\/2020\/10\/DSCN2790-scaled-114x150.jpg?v=1604489952 114w\" sizes=\"auto, (max-width: 1953px) 100vw, 1953px\" \/><figcaption>Fall Alioune Badara<br>Femme noire, femme obscure. Je chante ta beaut\u00e9 qui passe, forme que je fixe dans l&rsquo;\u00e9ternel. Avant que le destin jaloux ne te r\u00e9duise en cendres pour nourrir les racines de la vie (Femme noire, L.S.Senghor)<\/figcaption><\/figure><\/div>\n\n\n\n<figure class=\"wp-block-image size-large\"><img loading=\"lazy\" decoding=\"async\" width=\"2560\" height=\"1619\" src=\"https:\/\/afboot.com\/wp-content\/uploads\/2020\/10\/DSCN2787-scaled.jpg\" alt=\"\" class=\"wp-image-278\" srcset=\"https:\/\/afboot.com\/wp-content\/uploads\/2020\/10\/DSCN2787-scaled.jpg?v=1604490349 2560w, https:\/\/afboot.com\/wp-content\/uploads\/2020\/10\/DSCN2787-scaled-300x190.jpg?v=1604490349 300w, https:\/\/afboot.com\/wp-content\/uploads\/2020\/10\/DSCN2787-scaled-1024x648.jpg?v=1604490349 1024w, https:\/\/afboot.com\/wp-content\/uploads\/2020\/10\/DSCN2787-scaled-768x486.jpg?v=1604490349 768w, https:\/\/afboot.com\/wp-content\/uploads\/2020\/10\/DSCN2787-scaled-1536x971.jpg?v=1604490349 1536w, https:\/\/afboot.com\/wp-content\/uploads\/2020\/10\/DSCN2787-scaled-2048x1295.jpg?v=1604490349 2048w, https:\/\/afboot.com\/wp-content\/uploads\/2020\/10\/DSCN2787-scaled-150x95.jpg?v=1604490349 150w\" sizes=\"auto, (max-width: 2560px) 100vw, 2560px\" \/><figcaption>Fall Alioune Badara<br>Paysans du Sine Saloum. Travers\u00e9e d&rsquo;une for\u00eat de baobabs.<\/figcaption><\/figure>\n\n\n\n<figure class=\"wp-block-image size-large\"><img loading=\"lazy\" decoding=\"async\" width=\"2560\" height=\"1646\" src=\"https:\/\/afboot.com\/wp-content\/uploads\/2020\/10\/DSCN27891-scaled.jpg\" alt=\"\" class=\"wp-image-288\" srcset=\"https:\/\/afboot.com\/wp-content\/uploads\/2020\/10\/DSCN27891-scaled.jpg?v=1604490336 2560w, https:\/\/afboot.com\/wp-content\/uploads\/2020\/10\/DSCN27891-scaled-300x193.jpg?v=1604490336 300w, https:\/\/afboot.com\/wp-content\/uploads\/2020\/10\/DSCN27891-scaled-1024x658.jpg?v=1604490336 1024w, https:\/\/afboot.com\/wp-content\/uploads\/2020\/10\/DSCN27891-scaled-768x494.jpg?v=1604490336 768w, https:\/\/afboot.com\/wp-content\/uploads\/2020\/10\/DSCN27891-scaled-1536x988.jpg?v=1604490336 1536w, https:\/\/afboot.com\/wp-content\/uploads\/2020\/10\/DSCN27891-scaled-2048x1317.jpg?v=1604490336 2048w, https:\/\/afboot.com\/wp-content\/uploads\/2020\/10\/DSCN27891-scaled-150x96.jpg?v=1604490336 150w\" sizes=\"auto, (max-width: 2560px) 100vw, 2560px\" \/><figcaption>Fall Alioune Badara<br>Paysannes du Sine Saloum<\/figcaption><\/figure>\n<\/div>\n\n\n\n<div class=\"wp-block-column is-layout-flow wp-block-column-is-layout-flow\">\n<figure class=\"wp-block-image size-large is-resized\"><img loading=\"lazy\" decoding=\"async\" src=\"https:\/\/afboot.com\/wp-content\/uploads\/2020\/10\/DSCN2795-scaled.jpg\" alt=\"\" class=\"wp-image-287\" width=\"301\" height=\"199\" srcset=\"https:\/\/afboot.com\/wp-content\/uploads\/2020\/10\/DSCN2795-scaled.jpg?v=1604497829 2560w, https:\/\/afboot.com\/wp-content\/uploads\/2020\/10\/DSCN2795-scaled-300x198.jpg?v=1604497829 300w, https:\/\/afboot.com\/wp-content\/uploads\/2020\/10\/DSCN2795-scaled-1024x677.jpg?v=1604497829 1024w, https:\/\/afboot.com\/wp-content\/uploads\/2020\/10\/DSCN2795-scaled-768x508.jpg?v=1604497829 768w, https:\/\/afboot.com\/wp-content\/uploads\/2020\/10\/DSCN2795-scaled-1536x1015.jpg?v=1604497829 1536w, https:\/\/afboot.com\/wp-content\/uploads\/2020\/10\/DSCN2795-scaled-2048x1354.jpg?v=1604497829 2048w, https:\/\/afboot.com\/wp-content\/uploads\/2020\/10\/DSCN2795-scaled-150x99.jpg?v=1604497829 150w\" sizes=\"auto, (max-width: 301px) 100vw, 301px\" \/><figcaption>Fall Alioune Badara<br>Aux anciens combattants s\u00e9n\u00e9galais. Les oubli\u00e9s de l&rsquo;histoire de France<\/figcaption><\/figure>\n\n\n\n<figure class=\"wp-block-image size-large\"><img loading=\"lazy\" decoding=\"async\" width=\"2206\" height=\"2560\" src=\"https:\/\/afboot.com\/wp-content\/uploads\/2020\/10\/DSCN2799-scaled.jpg\" alt=\"\" class=\"wp-image-283\" srcset=\"https:\/\/afboot.com\/wp-content\/uploads\/2020\/10\/DSCN2799-scaled.jpg?v=1604490300 2206w, https:\/\/afboot.com\/wp-content\/uploads\/2020\/10\/DSCN2799-scaled-259x300.jpg?v=1604490300 259w, https:\/\/afboot.com\/wp-content\/uploads\/2020\/10\/DSCN2799-scaled-882x1024.jpg?v=1604490300 882w, https:\/\/afboot.com\/wp-content\/uploads\/2020\/10\/DSCN2799-scaled-768x891.jpg?v=1604490300 768w, https:\/\/afboot.com\/wp-content\/uploads\/2020\/10\/DSCN2799-scaled-1324x1536.jpg?v=1604490300 1324w, https:\/\/afboot.com\/wp-content\/uploads\/2020\/10\/DSCN2799-scaled-1765x2048.jpg?v=1604490300 1765w, https:\/\/afboot.com\/wp-content\/uploads\/2020\/10\/DSCN2799-scaled-129x150.jpg?v=1604490300 129w\" sizes=\"auto, (max-width: 2206px) 100vw, 2206px\" \/><figcaption>Fall Alioune Badara<br>Femme de p\u00eacheur \u00e0 Yenne dans les environs de Dakar<\/figcaption><\/figure>\n\n\n\n<figure class=\"wp-block-image size-large\"><img loading=\"lazy\" decoding=\"async\" width=\"1260\" height=\"2560\" src=\"https:\/\/afboot.com\/wp-content\/uploads\/2020\/10\/DSCN2801-scaled.jpg\" alt=\"\" class=\"wp-image-284\" srcset=\"https:\/\/afboot.com\/wp-content\/uploads\/2020\/10\/DSCN2801-scaled.jpg?v=1604490264 1260w, https:\/\/afboot.com\/wp-content\/uploads\/2020\/10\/DSCN2801-scaled-148x300.jpg?v=1604490264 148w, https:\/\/afboot.com\/wp-content\/uploads\/2020\/10\/DSCN2801-scaled-504x1024.jpg?v=1604490264 504w, https:\/\/afboot.com\/wp-content\/uploads\/2020\/10\/DSCN2801-scaled-768x1560.jpg?v=1604490264 768w, https:\/\/afboot.com\/wp-content\/uploads\/2020\/10\/DSCN2801-scaled-756x1536.jpg?v=1604490264 756w, https:\/\/afboot.com\/wp-content\/uploads\/2020\/10\/DSCN2801-scaled-1008x2048.jpg?v=1604490264 1008w, https:\/\/afboot.com\/wp-content\/uploads\/2020\/10\/DSCN2801-scaled-74x150.jpg?v=1604490264 74w\" sizes=\"auto, (max-width: 1260px) 100vw, 1260px\" \/><figcaption>Fall Alioune Badara<br>La porte du d\u00e9part. \u00cele de Gor\u00e9e et le commerce triangulaire.<\/figcaption><\/figure>\n\n\n\n<figure class=\"wp-block-image size-large\"><img loading=\"lazy\" decoding=\"async\" width=\"854\" height=\"2560\" src=\"https:\/\/afboot.com\/wp-content\/uploads\/2020\/10\/DSCN2793-scaled.jpg\" alt=\"\" class=\"wp-image-285\" srcset=\"https:\/\/afboot.com\/wp-content\/uploads\/2020\/10\/DSCN2793-scaled.jpg?v=1604490172 854w, https:\/\/afboot.com\/wp-content\/uploads\/2020\/10\/DSCN2793-scaled-100x300.jpg?v=1604490172 100w, https:\/\/afboot.com\/wp-content\/uploads\/2020\/10\/DSCN2793-scaled-342x1024.jpg?v=1604490172 342w, https:\/\/afboot.com\/wp-content\/uploads\/2020\/10\/DSCN2793-scaled-768x2302.jpg?v=1604490172 768w, https:\/\/afboot.com\/wp-content\/uploads\/2020\/10\/DSCN2793-scaled-512x1536.jpg?v=1604490172 512w, https:\/\/afboot.com\/wp-content\/uploads\/2020\/10\/DSCN2793-scaled-683x2048.jpg?v=1604490172 683w, https:\/\/afboot.com\/wp-content\/uploads\/2020\/10\/DSCN2793-scaled-50x150.jpg?v=1604490172 50w\" sizes=\"auto, (max-width: 854px) 100vw, 854px\" \/><figcaption>Fall Alioune Badara<br>Nu fusionnel. Devenir m\u00e8re.<\/figcaption><\/figure>\n\n\n\n<figure class=\"wp-block-image size-large\"><img loading=\"lazy\" decoding=\"async\" width=\"2560\" height=\"2520\" src=\"https:\/\/afboot.com\/wp-content\/uploads\/2020\/10\/DSCN2792-scaled.jpg\" alt=\"\" class=\"wp-image-276\" srcset=\"https:\/\/afboot.com\/wp-content\/uploads\/2020\/10\/DSCN2792-scaled.jpg?v=1604490378 2560w, https:\/\/afboot.com\/wp-content\/uploads\/2020\/10\/DSCN2792-scaled-300x295.jpg?v=1604490378 300w, https:\/\/afboot.com\/wp-content\/uploads\/2020\/10\/DSCN2792-scaled-1024x1008.jpg?v=1604490378 1024w, https:\/\/afboot.com\/wp-content\/uploads\/2020\/10\/DSCN2792-scaled-768x756.jpg?v=1604490378 768w, https:\/\/afboot.com\/wp-content\/uploads\/2020\/10\/DSCN2792-scaled-1536x1512.jpg?v=1604490378 1536w, https:\/\/afboot.com\/wp-content\/uploads\/2020\/10\/DSCN2792-scaled-2048x2016.jpg?v=1604490378 2048w, https:\/\/afboot.com\/wp-content\/uploads\/2020\/10\/DSCN2792-scaled-150x148.jpg?v=1604490378 150w\" sizes=\"auto, (max-width: 2560px) 100vw, 2560px\" \/><figcaption>Fall Alioune Badara<br>Le partage. Le repas pris en commun dans un grand bol.<\/figcaption><\/figure>\n\n\n\n<figure class=\"wp-block-image size-large\"><img loading=\"lazy\" decoding=\"async\" width=\"1024\" height=\"758\" src=\"https:\/\/afboot.com\/wp-content\/uploads\/2020\/10\/DSCN2791-scaled-1024x758.jpg\" alt=\"\" class=\"wp-image-275\" srcset=\"https:\/\/afboot.com\/wp-content\/uploads\/2020\/10\/DSCN2791-scaled-1024x758.jpg?v=1604490789 1024w, https:\/\/afboot.com\/wp-content\/uploads\/2020\/10\/DSCN2791-scaled-300x222.jpg?v=1604490789 300w, https:\/\/afboot.com\/wp-content\/uploads\/2020\/10\/DSCN2791-scaled-768x569.jpg?v=1604490789 768w, https:\/\/afboot.com\/wp-content\/uploads\/2020\/10\/DSCN2791-scaled-1536x1138.jpg?v=1604490789 1536w, https:\/\/afboot.com\/wp-content\/uploads\/2020\/10\/DSCN2791-scaled-2048x1517.jpg?v=1604490789 2048w, https:\/\/afboot.com\/wp-content\/uploads\/2020\/10\/DSCN2791-scaled-150x111.jpg?v=1604490789 150w\" sizes=\"auto, (max-width: 1024px) 100vw, 1024px\" \/><\/figure>\n<\/div>\n<\/div>\n\n\n\n<p><\/p>\n\n\n\n<p><\/p>\n\n\n\n<p><\/p>\n","protected":false},"excerpt":{"rendered":"","protected":false},"author":1,"featured_media":0,"parent":118,"menu_order":2,"comment_status":"closed","ping_status":"closed","template":"","meta":{"footnotes":""},"class_list":["post-141","page","type-page","status-publish","hentry"],"_links":{"self":[{"href":"https:\/\/afboot.com\/index.php\/wp-json\/wp\/v2\/pages\/141","targetHints":{"allow":["GET"]}}],"collection":[{"href":"https:\/\/afboot.com\/index.php\/wp-json\/wp\/v2\/pages"}],"about":[{"href":"https:\/\/afboot.com\/index.php\/wp-json\/wp\/v2\/types\/page"}],"author":[{"embeddable":true,"href":"https:\/\/afboot.com\/index.php\/wp-json\/wp\/v2\/users\/1"}],"replies":[{"embeddable":true,"href":"https:\/\/afboot.com\/index.php\/wp-json\/wp\/v2\/comments?post=141"}],"version-history":[{"count":22,"href":"https:\/\/afboot.com\/index.php\/wp-json\/wp\/v2\/pages\/141\/revisions"}],"predecessor-version":[{"id":325,"href":"https:\/\/afboot.com\/index.php\/wp-json\/wp\/v2\/pages\/141\/revisions\/325"}],"up":[{"embeddable":true,"href":"https:\/\/afboot.com\/index.php\/wp-json\/wp\/v2\/pages\/118"}],"wp:attachment":[{"href":"https:\/\/afboot.com\/index.php\/wp-json\/wp\/v2\/media?parent=141"}],"curies":[{"name":"wp","href":"https:\/\/api.w.org\/{rel}","templated":true}]}}